{"id":18262,"date":"2018-11-19T15:47:38","date_gmt":"2018-11-19T14:47:38","guid":{"rendered":"http:\/\/develop.uhrenbausatz.de\/?page_id=18262"},"modified":"2022-06-29T15:47:21","modified_gmt":"2022-06-29T13:47:21","slug":"withdrawal","status":"publish","type":"page","link":"https:\/\/uhrenbausatz.de\/en\/withdrawal\/","title":{"rendered":"Withdrawal"},"content":{"rendered":"<div id='av_section_1'  class='avia-section av-7t9xd-97a8a3a697f8b58847f7b1056515cc88 main_color avia-section-default avia-no-border-styling  avia-builder-el-0  el_before_av_section  avia-builder-el-first  avia-bg-style-scroll container_wrap fullsize'  ><div class='container av-section-cont-open' ><main  role=\"main\" itemprop=\"mainContentOfPage\"  class='template-page content  av-content-full alpha units'><div class='post-entry post-entry-type-page post-entry-18262'><div class='entry-content-wrapper clearfix'>\n\n<style type=\"text\/css\" data-created_by=\"avia_inline_auto\" id=\"style-css-av-4q4ol8-fd4703e722a556dae422f8c1763e8ce2\">\n.flex_column.av-4q4ol8-fd4703e722a556dae422f8c1763e8ce2{\nborder-radius:0px 0px 0px 0px;\npadding:0px 0px 0px 0px;\n}\n<\/style>\n<div  class='flex_column av-4q4ol8-fd4703e722a556dae422f8c1763e8ce2 av_one_fourth  avia-builder-el-1  el_before_av_three_fourth  avia-builder-el-first  first flex_column_div av-zero-column-padding  '     ><\/div>\n<style type=\"text\/css\" data-created_by=\"avia_inline_auto\" id=\"style-css-av-7nswr0-e480e1621de723117a19dea8cba49edf\">\n.flex_column.av-7nswr0-e480e1621de723117a19dea8cba49edf{\nborder-radius:0px 0px 0px 0px;\npadding:0px 0px 0px 0px;\n}\n<\/style>\n<div  class='flex_column av-7nswr0-e480e1621de723117a19dea8cba49edf av_three_fourth  avia-builder-el-2  el_after_av_one_fourth  avia-builder-el-last  flex_column_div av-zero-column-padding  '     ><p>\n<style type=\"text\/css\" data-created_by=\"avia_inline_auto\" id=\"style-css-av-av_heading-691fa246823cba4453739a9d61697d2b\">\n#top .av-special-heading.av-av_heading-691fa246823cba4453739a9d61697d2b{\npadding-bottom:10px;\n}\nbody .av-special-heading.av-av_heading-691fa246823cba4453739a9d61697d2b .av-special-heading-tag .heading-char{\nfont-size:25px;\n}\n.av-special-heading.av-av_heading-691fa246823cba4453739a9d61697d2b .av-subheading{\nfont-size:15px;\n}\n<\/style>\n<div  class='av-special-heading av-av_heading-691fa246823cba4453739a9d61697d2b av-special-heading-h1 blockquote modern-quote  avia-builder-el-3  el_before_av_textblock  avia-builder-el-first  av-linked-heading'><h1 class='av-special-heading-tag '  itemprop=\"headline\"  >Right of Withdrawal<\/h1><div class=\"special-heading-border\"><div class=\"special-heading-inner-border\"><\/div><\/div><\/div><br \/>\n<section  class='av_textblock_section av-joofce3o-56c45cbb9c4233460ee488d4dc5cc45c '   itemscope=\"itemscope\" itemtype=\"https:\/\/schema.org\/CreativeWork\" ><div class='avia_textblock'  itemprop=\"text\" ><p>You have the right to withdraw from this contract within 14 days without giving any reason. The withdrawal period is fourteen days from the day on which you or a third party designated by you, other than the carrier, took or has taken possession of the goods.<\/p>\n<p>To exercise the right of withdrawal, you must inform us<br \/>\n(M\u00fcller &amp; Sattler Uhrenbausatz GmbH, Represented by managing partners: Stephanie Sattler-Rick, Markus Gl\u00f6ggler, J\u00fcrgen Kohler, Lohenstra\u00dfe 6, D \u2013 82166 Gr\u00e4felfing Phone: ++49 (0)89 \/ 89 55 806-20, E-Mail: <a href=\"mailto:info@uhrenbausatz.de\">info@uhrenbausatz.de<\/a>) of your decision to withdraw from this contract by an unequivocal statement (e.g. a letter sent by post, fax or e-mail).<\/p>\n<p><span style=\"color: #0000ff;\"><a style=\"color: #0000ff;\" href=\"https:\/\/uhrenbausatz.de\/wp-content\/uploads\/redakteur\/withdrawal_EN.pdf\">You may use the linked withdrawal form \u00a0<\/a><\/span>but it is not obligatory.<\/p>\n<p>To meet the withdrawal deadline, it is sufficient for you to send your communication concerning your exercise of the right of withdrawal before the withdrawal period has expired.<\/p>\n<p><strong>Effects of withdrawal <\/strong><\/p>\n<p>If you withdraw from this contract, we shall reimburse to you all payments received from you, including the costs of delivery (with the exception of the supplementary costs resulting from your choice of a type of delivery other than the least expensive type of standard delivery offered by us), without undue delay and in any event not later than 14 days from the day on which we are informed about your decision to withdraw from this contract.<\/p>\n<p>We will carry out such reimbursement using the same means of payment as you used for the initial transaction, unless you have expressly agreed otherwise; in any event, you will not incur any fees as a result of such reimbursement. We may withhold reimbursement until we have received the goods back or you have supplied evidence of having sent back the goods, whichever is the earliest.<\/p>\n<p>You shall send back the goods or hand them over to us, without undue delay and in any event not later than 14 days from the day on which you communicate your withdrawal fromthis contract to us.<\/p>\n<p>The deadline is met if you send back the goods before the period of 14 days has expired. You will have to bear the direct cost of returning the goods. You are only liable for any diminished value of the goods resulting from the handling other than what is necessary to establish the nature, characteristics and functioning of the goods.<\/p>\n<p>Download withdrawal: <a href=\"https:\/\/uhrenbausatz.de\/wp-content\/uploads\/redakteur\/en\/withdrawal_EN.pdf\"><span style=\"color: #0000ff;\">Withdrawal_EN.pdf<\/span><\/a><\/p>\n<\/div><\/section><\/p><\/div><\/div><\/div><\/main><!-- close content main element --><\/div><\/div><div id='av_section_2'  class='avia-section av-7t9xd-74c14220058e8e0a789e84306001079b main_color avia-section-no-padding avia-no-border-styling  avia-builder-el-5  el_after_av_section  avia-builder-el-last  avia-bg-style-scroll container_wrap fullsize'  ><div class='container av-section-cont-open' ><div class='template-page content  av-content-full alpha units'><div class='post-entry post-entry-type-page post-entry-18262'><div class='entry-content-wrapper clearfix'>\n\n<style type=\"text\/css\" data-created_by=\"avia_inline_auto\" id=\"style-css-av-4q4ol8-fd4703e722a556dae422f8c1763e8ce2\">\n.flex_column.av-4q4ol8-fd4703e722a556dae422f8c1763e8ce2{\nborder-radius:0px 0px 0px 0px;\npadding:0px 0px 0px 0px;\n}\n<\/style>\n<div  class='flex_column av-4q4ol8-fd4703e722a556dae422f8c1763e8ce2 av_one_fourth  avia-builder-el-6  el_before_av_one_half  avia-builder-el-first  first flex_column_div av-zero-column-padding  '     ><\/div>\n<style type=\"text\/css\" data-created_by=\"avia_inline_auto\" id=\"style-css-av-4q4ol8-d31be3dc975732d0c4e2c51625592223\">\n.flex_column.av-4q4ol8-d31be3dc975732d0c4e2c51625592223{\nborder-radius:0px 0px 0px 0px;\npadding:0px 0px 0px 0px;\n}\n<\/style>\n<div  class='flex_column av-4q4ol8-d31be3dc975732d0c4e2c51625592223 av_one_half  avia-builder-el-7  el_after_av_one_fourth  el_before_av_one_fifth  flex_column_div av-zero-column-padding  '     ><\/div>\n<style type=\"text\/css\" data-created_by=\"avia_inline_auto\" id=\"style-css-av-4q4ol8-d31be3dc975732d0c4e2c51625592223\">\n.flex_column.av-4q4ol8-d31be3dc975732d0c4e2c51625592223{\nborder-radius:0px 0px 0px 0px;\npadding:0px 0px 0px 0px;\n}\n<\/style>\n<div  class='flex_column av-4q4ol8-d31be3dc975732d0c4e2c51625592223 av_one_fifth  avia-builder-el-8  el_after_av_one_half  el_before_av_hr  flex_column_div av-zero-column-padding  '     ><\/div>\n<style type=\"text\/css\" data-created_by=\"avia_inline_auto\" id=\"style-css-av-jutqjzaj-396b57bd2308b9297ec10dbe05fd5fcf\">\n#top .hr.hr-invisible.av-jutqjzaj-396b57bd2308b9297ec10dbe05fd5fcf{\nheight:50px;\n}\n<\/style>\n<div  class='hr av-jutqjzaj-396b57bd2308b9297ec10dbe05fd5fcf hr-invisible  avia-builder-el-9  el_after_av_one_fifth  avia-builder-el-last '><span class='hr-inner '><span class=\"hr-inner-style\"><\/span><\/span><\/div>\n<\/p>\n","protected":false},"excerpt":{"rendered":"","protected":false},"author":6,"featured_media":0,"parent":0,"menu_order":0,"comment_status":"closed","ping_status":"closed","template":"","meta":{"footnotes":""},"class_list":["post-18262","page","type-page","status-publish","hentry"],"aioseo_notices":[],"_links":{"self":[{"href":"https:\/\/uhrenbausatz.de\/en\/wp-json\/wp\/v2\/pages\/18262","targetHints":{"allow":["GET"]}}],"collection":[{"href":"https:\/\/uhrenbausatz.de\/en\/wp-json\/wp\/v2\/pages"}],"about":[{"href":"https:\/\/uhrenbausatz.de\/en\/wp-json\/wp\/v2\/types\/page"}],"author":[{"embeddable":true,"href":"https:\/\/uhrenbausatz.de\/en\/wp-json\/wp\/v2\/users\/6"}],"replies":[{"embeddable":true,"href":"https:\/\/uhrenbausatz.de\/en\/wp-json\/wp\/v2\/comments?post=18262"}],"version-history":[{"count":0,"href":"https:\/\/uhrenbausatz.de\/en\/wp-json\/wp\/v2\/pages\/18262\/revisions"}],"wp:attachment":[{"href":"https:\/\/uhrenbausatz.de\/en\/wp-json\/wp\/v2\/media?parent=18262"}],"curies":[{"name":"wp","href":"https:\/\/api.w.org\/{rel}","templated":true}]}}