{"id":12009,"date":"2018-11-19T15:47:38","date_gmt":"2018-11-19T14:47:38","guid":{"rendered":"http:\/\/dev.erwinsattler.com\/anfahrt\/"},"modified":"2022-06-29T15:53:55","modified_gmt":"2022-06-29T13:53:55","slug":"approach","status":"publish","type":"page","link":"https:\/\/uhrenbausatz.de\/en\/approach\/","title":{"rendered":"Where we are"},"content":{"rendered":"<div id='av_section_1'  class='avia-section av-7t9xd-97a8a3a697f8b58847f7b1056515cc88 main_color avia-section-default avia-no-border-styling  avia-builder-el-0  el_before_av_section  avia-builder-el-first  avia-bg-style-scroll container_wrap fullsize'  ><div class='container av-section-cont-open' ><main  role=\"main\" itemprop=\"mainContentOfPage\"  class='template-page content  av-content-full alpha units'><div class='post-entry post-entry-type-page post-entry-12009'><div class='entry-content-wrapper clearfix'>\n\n<style type=\"text\/css\" data-created_by=\"avia_inline_auto\" id=\"style-css-av-4q4ol8-fd4703e722a556dae422f8c1763e8ce2\">\n.flex_column.av-4q4ol8-fd4703e722a556dae422f8c1763e8ce2{\nborder-radius:0px 0px 0px 0px;\npadding:0px 0px 0px 0px;\n}\n<\/style>\n<div  class='flex_column av-4q4ol8-fd4703e722a556dae422f8c1763e8ce2 av_one_fourth  avia-builder-el-1  el_before_av_three_fourth  avia-builder-el-first  first flex_column_div av-zero-column-padding  '     ><\/div>\n<style type=\"text\/css\" data-created_by=\"avia_inline_auto\" id=\"style-css-av-7nswr0-e480e1621de723117a19dea8cba49edf\">\n.flex_column.av-7nswr0-e480e1621de723117a19dea8cba49edf{\nborder-radius:0px 0px 0px 0px;\npadding:0px 0px 0px 0px;\n}\n<\/style>\n<div  class='flex_column av-7nswr0-e480e1621de723117a19dea8cba49edf av_three_fourth  avia-builder-el-2  el_after_av_one_fourth  avia-builder-el-last  flex_column_div av-zero-column-padding  '     ><style type=\"text\/css\" data-created_by=\"avia_inline_auto\" id=\"style-css-av-26jsbw-24e8c3f48029c7bc47ffb17de8f8c153\">\n#top .av-special-heading.av-26jsbw-24e8c3f48029c7bc47ffb17de8f8c153{\npadding-bottom:10px;\n}\nbody .av-special-heading.av-26jsbw-24e8c3f48029c7bc47ffb17de8f8c153 .av-special-heading-tag .heading-char{\nfont-size:25px;\n}\n.av-special-heading.av-26jsbw-24e8c3f48029c7bc47ffb17de8f8c153 .av-subheading{\nfont-size:15px;\n}\n<\/style>\n<div  class='av-special-heading av-26jsbw-24e8c3f48029c7bc47ffb17de8f8c153 av-special-heading-h1 blockquote modern-quote  avia-builder-el-3  avia-builder-el-no-sibling '><h1 class='av-special-heading-tag '  itemprop=\"headline\"  >Approach<\/h1><div class=\"special-heading-border\"><div class=\"special-heading-inner-border\"><\/div><\/div><\/div><\/div>\n\n<\/div><\/div><\/main><!-- close content main element --><\/div><\/div><div id='av_section_2'  class='avia-section av-7t9xd-74c14220058e8e0a789e84306001079b main_color avia-section-no-padding avia-no-border-styling  avia-builder-el-4  el_after_av_section  el_before_av_one_fourth  avia-bg-style-scroll container_wrap fullsize'  ><div class='container av-section-cont-open' ><div class='template-page content  av-content-full alpha units'><div class='post-entry post-entry-type-page post-entry-12009'><div class='entry-content-wrapper clearfix'>\n\n<style type=\"text\/css\" data-created_by=\"avia_inline_auto\" id=\"style-css-av-4q4ol8-fd4703e722a556dae422f8c1763e8ce2\">\n.flex_column.av-4q4ol8-fd4703e722a556dae422f8c1763e8ce2{\nborder-radius:0px 0px 0px 0px;\npadding:0px 0px 0px 0px;\n}\n<\/style>\n<div  class='flex_column av-4q4ol8-fd4703e722a556dae422f8c1763e8ce2 av_one_fourth  avia-builder-el-5  el_before_av_three_fourth  avia-builder-el-first  first flex_column_div av-zero-column-padding  '     ><\/div>\n<style type=\"text\/css\" data-created_by=\"avia_inline_auto\" id=\"style-css-av-7nswr0-e480e1621de723117a19dea8cba49edf\">\n.flex_column.av-7nswr0-e480e1621de723117a19dea8cba49edf{\nborder-radius:0px 0px 0px 0px;\npadding:0px 0px 0px 0px;\n}\n<\/style>\n<div  class='flex_column av-7nswr0-e480e1621de723117a19dea8cba49edf av_three_fourth  avia-builder-el-6  el_after_av_one_fourth  avia-builder-el-last  flex_column_div av-zero-column-padding  '     ><section  class='av_textblock_section av-joofce3o-a99ddf8f27883b73c12c9a1a02a4f2b5 '   itemscope=\"itemscope\" itemtype=\"https:\/\/schema.org\/CreativeWork\" ><div class='avia_textblock'  itemprop=\"text\" ><div class=\"csc-textpic-text\">\n<div class=\"csc-textpic-text\">\n<h3>By car<\/h3>\n<p>From all directions via Mittlerer Ring to BAB M\u00fcnchen\/Lindau (Exit Gr\u00e4felfing). Follow Pasinger Stra\u00dfe direction Gr\u00e4felfing\/Planegg.At the forth cross-road turn left into Lohenstra\u00dfe. Our building is on the ride hand site. Address: Erwin Sattler GmbH &amp; Co. KG Gro\u00dfuhrenmanufaktur, Lohenstr. 6, D-82166 Gr\u00e4felfing. Geographic coordinates: 48.12047, 11.44694<\/p>\n<h3>By public transport<\/h3>\n<p>From Munich central station use S-Bahn Line 6 Tutzing to Gr\u00e4felfing station. (Time approx. 20 min). From Munich airport use S-Bahn Line 8 to Ostbahnhof. Here you change to S-Bahn Line 6 Tutzing and exit at Gr\u00e4felfing station. (Time approx. 60 min). From Gr\u00e4felfing station use the bus 268 direction Waldfriehof (Wendeschleife) and exit at station Lohenstra\u00dfe. (Time approx. 8 min).<\/p>\n<p>From Pasing station use the bus Linie 265 direction Planegg. [\u00a0Time approx. 13 min\u00a0]<\/p>\n<\/div>\n<\/div>\n<\/div><\/section><\/div><\/div><\/div><\/div><!-- close content main div --><\/div><\/div><div id='after_section_2'  class='main_color av_default_container_wrap container_wrap fullsize'  ><div class='container av-section-cont-open' ><div class='template-page content  av-content-full alpha units'><div class='post-entry post-entry-type-page post-entry-12009'><div class='entry-content-wrapper clearfix'>\n<style type=\"text\/css\" data-created_by=\"avia_inline_auto\" id=\"style-css-av-4q4ol8-fd4703e722a556dae422f8c1763e8ce2\">\n.flex_column.av-4q4ol8-fd4703e722a556dae422f8c1763e8ce2{\nborder-radius:0px 0px 0px 0px;\npadding:0px 0px 0px 0px;\n}\n<\/style>\n<div  class='flex_column av-4q4ol8-fd4703e722a556dae422f8c1763e8ce2 av_one_fourth  avia-builder-el-8  el_after_av_section  el_before_av_three_fourth  avia-builder-el-first  first flex_column_div av-zero-column-padding  '     ><\/div><\/p>\n\n<style type=\"text\/css\" data-created_by=\"avia_inline_auto\" id=\"style-css-av-2eos5o-ed312f51146bfd62b3985ac7dbfe7845\">\n.flex_column.av-2eos5o-ed312f51146bfd62b3985ac7dbfe7845{\nborder-radius:0px 0px 0px 0px;\npadding:0px 0px 0px 0px;\n}\n<\/style>\n<div  class='flex_column av-2eos5o-ed312f51146bfd62b3985ac7dbfe7845 av_three_fourth  avia-builder-el-9  el_after_av_one_fourth  avia-builder-el-last  flex_column_div av-zero-column-padding  '     ><\/div>\n","protected":false},"excerpt":{"rendered":"","protected":false},"author":6,"featured_media":0,"parent":0,"menu_order":0,"comment_status":"closed","ping_status":"closed","template":"","meta":{"footnotes":""},"class_list":["post-12009","page","type-page","status-publish","hentry"],"aioseo_notices":[],"_links":{"self":[{"href":"https:\/\/uhrenbausatz.de\/en\/wp-json\/wp\/v2\/pages\/12009","targetHints":{"allow":["GET"]}}],"collection":[{"href":"https:\/\/uhrenbausatz.de\/en\/wp-json\/wp\/v2\/pages"}],"about":[{"href":"https:\/\/uhrenbausatz.de\/en\/wp-json\/wp\/v2\/types\/page"}],"author":[{"embeddable":true,"href":"https:\/\/uhrenbausatz.de\/en\/wp-json\/wp\/v2\/users\/6"}],"replies":[{"embeddable":true,"href":"https:\/\/uhrenbausatz.de\/en\/wp-json\/wp\/v2\/comments?post=12009"}],"version-history":[{"count":0,"href":"https:\/\/uhrenbausatz.de\/en\/wp-json\/wp\/v2\/pages\/12009\/revisions"}],"wp:attachment":[{"href":"https:\/\/uhrenbausatz.de\/en\/wp-json\/wp\/v2\/media?parent=12009"}],"curies":[{"name":"wp","href":"https:\/\/api.w.org\/{rel}","templated":true}]}}