{"id":11545,"date":"2018-11-19T15:47:38","date_gmt":"2018-11-19T14:47:38","guid":{"rendered":"http:\/\/dev.erwinsattler.com\/site-notice\/"},"modified":"2022-06-29T15:52:19","modified_gmt":"2022-06-29T13:52:19","slug":"site-notice","status":"publish","type":"page","link":"https:\/\/uhrenbausatz.de\/en\/site-notice\/","title":{"rendered":"Site Notice"},"content":{"rendered":"<div id='av_section_1'  class='avia-section av-7t9xd-97a8a3a697f8b58847f7b1056515cc88 main_color avia-section-default avia-no-border-styling  avia-builder-el-0  el_before_av_one_fourth  avia-builder-el-first  avia-bg-style-scroll container_wrap fullsize'  ><div class='container av-section-cont-open' ><main  role=\"main\" itemprop=\"mainContentOfPage\"  class='template-page content  av-content-full alpha units'><div class='post-entry post-entry-type-page post-entry-11545'><div class='entry-content-wrapper clearfix'>\n\n<style type=\"text\/css\" data-created_by=\"avia_inline_auto\" id=\"style-css-av-4q4ol8-fd4703e722a556dae422f8c1763e8ce2\">\n.flex_column.av-4q4ol8-fd4703e722a556dae422f8c1763e8ce2{\nborder-radius:0px 0px 0px 0px;\npadding:0px 0px 0px 0px;\n}\n<\/style>\n<div  class='flex_column av-4q4ol8-fd4703e722a556dae422f8c1763e8ce2 av_one_fourth  avia-builder-el-1  el_before_av_three_fourth  avia-builder-el-first  first flex_column_div av-zero-column-padding  '     ><\/div>\n<style type=\"text\/css\" data-created_by=\"avia_inline_auto\" id=\"style-css-av-7nswr0-e480e1621de723117a19dea8cba49edf\">\n.flex_column.av-7nswr0-e480e1621de723117a19dea8cba49edf{\nborder-radius:0px 0px 0px 0px;\npadding:0px 0px 0px 0px;\n}\n<\/style>\n<div  class='flex_column av-7nswr0-e480e1621de723117a19dea8cba49edf av_three_fourth  avia-builder-el-2  el_after_av_one_fourth  avia-builder-el-last  flex_column_div av-zero-column-padding  '     ><p>\n<style type=\"text\/css\" data-created_by=\"avia_inline_auto\" id=\"style-css-av-av_heading-ece04a0916547c40a106a7dc68bf948f\">\n#top .av-special-heading.av-av_heading-ece04a0916547c40a106a7dc68bf948f{\npadding-bottom:10px;\n}\nbody .av-special-heading.av-av_heading-ece04a0916547c40a106a7dc68bf948f .av-special-heading-tag .heading-char{\nfont-size:25px;\n}\n.av-special-heading.av-av_heading-ece04a0916547c40a106a7dc68bf948f .av-subheading{\nfont-size:15px;\n}\n<\/style>\n<div  class='av-special-heading av-av_heading-ece04a0916547c40a106a7dc68bf948f av-special-heading-h1 blockquote modern-quote  avia-builder-el-3  el_before_av_textblock  avia-builder-el-first  av-linked-heading'><h1 class='av-special-heading-tag '  itemprop=\"headline\"  >Site Notice<\/h1><div class=\"special-heading-border\"><div class=\"special-heading-inner-border\"><\/div><\/div><\/div><br \/>\n<section  class='av_textblock_section av-joofce3o-56c45cbb9c4233460ee488d4dc5cc45c '   itemscope=\"itemscope\" itemtype=\"https:\/\/schema.org\/CreativeWork\" ><div class='avia_textblock'  itemprop=\"text\" ><h3>Information provided according to Sec. 5 German Telemedia Act (TMG):<\/h3>\n<p>M\u00dcLLER &amp; SATTLER UHRENBAUSATZ GMBH<br \/>\nLohenstra\u00dfe 6 \u00b7 D \u2013 82166 Gr\u00e4felfing<br \/>\nPhone: +49 (0)89 89 55 806-20<br \/>\nFax: +49 (0)89 89 55 806-28<br \/>\ninfo@uhrenbausatz.de<br \/>\nwww.uhrenbausatz.de<\/p>\n<h3>Represented by:<\/h3>\n<p>Stephanie Sattler-Rick, Markus Gl\u00f6ggler und J\u00fcrgen Kohler, Lohenstra\u00dfe 6, D &#8211; 82166 Gr\u00e4felfing<\/p>\n<h3>Contact:<\/h3>\n<p>Phone: +49 (0)89 89 55 806-20<br \/>\nFax: +49 (0)89 89 55 806-28<br \/>\nEmail: info@uhrenbausatz.de<\/p>\n<h3>VAT:<\/h3>\n<p>VAT Id number according to Sec. 27 a German Value Added Tax Act:<br \/>\nDE 813689362<\/p>\n<h3>Responsible for contents acc. to Sec. 55, para. 2 German Federal Broadcasting Agreement (RstV):<\/h3>\n<p>Stephanie Sattler-Rick, Markus Gl\u00f6ggler und J\u00fcrgen Kohler, Lohenstra\u00dfe 6, D &#8211; 82166 Gr\u00e4felfing<\/p>\n<h3>Dispute resolution<\/h3>\n<p>The European Commission provides a platform for online dispute resolution (OS): <a href=\"https:\/\/ec.europa.eu\/consumers\/odr\" target=\"_blank\" rel=\"noopener noreferrer\">https:\/\/ec.europa.eu\/consumers\/odr<\/a>.<br \/>\nPlease find our email in the impressum\/legal notice.<\/p>\n<p>We do not take part in online dispute resolutions at consumer arbitration boards.<\/p>\n<h3>Liability for Contents<\/h3>\n<p>As service providers, we are liable for own contents of these websites according to Sec. 7, paragraph 1 German Telemedia Act (TMG). However, according to Sec. 8 to 10 German Telemedia Act (TMG), service providers are not obligated to permanently monitor submitted or stored information or to search for evidences that indicate illegal activities.<\/p>\n<p>Legal obligations to removing information or to blocking the use of information remain unchallenged. In this case, liability is only possible at the time of knowledge about a specific violation of law. Illegal contents will be removed immediately at the time we get knowledge of them.<\/p>\n<h3>Liability for Links<\/h3>\n<p>Our offer includes links to external third party websites. We have no influence on the contents of those websites, therefore we cannot guarantee for those contents. Providers or administrators of linked websites are always responsible for their own contents.<\/p>\n<p>The linked websites had been checked for possible violations of law at the time of the establishment of the link. Illegal contents were not detected at the time of the linking. A permanent monitoring of the contents of linked websites cannot be imposed without reasonable indications that there has been a violation of law. Illegal links will be removed immediately at the time we get knowledge of them.<\/p>\n<h3>Copyright<\/h3>\n<p>Contents and compilations published on these websites by the providers are subject to German copyright laws. Reproduction, editing, distribution as well as the use of any kind outside the scope of the copyright law require a written permission of the author or originator. Downloads and copies of these websites are permitted for private use only.<br \/>\nThe commercial use of our contents without permission of the originator is prohibited.<\/p>\n<p>Copyright laws of third parties are respected as long as the contents on these websites do not originate from the provider. Contributions of third parties on this site are indicated as such. However, if you notice any violations of copyright law, please inform us. Such contents will be removed immediately.<\/p>\n<\/div><\/section><\/p><\/div><\/div><\/div><\/main><!-- close content main element --><\/div><\/div><div id='after_section_1'  class='main_color av_default_container_wrap container_wrap fullsize'  ><div class='container av-section-cont-open' ><div class='template-page content  av-content-full alpha units'><div class='post-entry post-entry-type-page post-entry-11545'><div class='entry-content-wrapper clearfix'>\n<style type=\"text\/css\" data-created_by=\"avia_inline_auto\" id=\"style-css-av-4q4ol8-fd4703e722a556dae422f8c1763e8ce2\">\n.flex_column.av-4q4ol8-fd4703e722a556dae422f8c1763e8ce2{\nborder-radius:0px 0px 0px 0px;\npadding:0px 0px 0px 0px;\n}\n<\/style>\n<div  class='flex_column av-4q4ol8-fd4703e722a556dae422f8c1763e8ce2 av_one_fourth  avia-builder-el-5  el_after_av_section  el_before_av_three_fourth  avia-builder-el-first  first flex_column_div av-zero-column-padding  '     ><\/div><\/p>\n\n<style type=\"text\/css\" data-created_by=\"avia_inline_auto\" id=\"style-css-av-2eos5o-ed312f51146bfd62b3985ac7dbfe7845\">\n.flex_column.av-2eos5o-ed312f51146bfd62b3985ac7dbfe7845{\nborder-radius:0px 0px 0px 0px;\npadding:0px 0px 0px 0px;\n}\n<\/style>\n<div  class='flex_column av-2eos5o-ed312f51146bfd62b3985ac7dbfe7845 av_three_fourth  avia-builder-el-6  el_after_av_one_fourth  avia-builder-el-last  flex_column_div av-zero-column-padding  '     ><\/div>\n","protected":false},"excerpt":{"rendered":"","protected":false},"author":6,"featured_media":0,"parent":0,"menu_order":0,"comment_status":"closed","ping_status":"closed","template":"","meta":{"footnotes":""},"class_list":["post-11545","page","type-page","status-publish","hentry"],"aioseo_notices":[],"_links":{"self":[{"href":"https:\/\/uhrenbausatz.de\/en\/wp-json\/wp\/v2\/pages\/11545","targetHints":{"allow":["GET"]}}],"collection":[{"href":"https:\/\/uhrenbausatz.de\/en\/wp-json\/wp\/v2\/pages"}],"about":[{"href":"https:\/\/uhrenbausatz.de\/en\/wp-json\/wp\/v2\/types\/page"}],"author":[{"embeddable":true,"href":"https:\/\/uhrenbausatz.de\/en\/wp-json\/wp\/v2\/users\/6"}],"replies":[{"embeddable":true,"href":"https:\/\/uhrenbausatz.de\/en\/wp-json\/wp\/v2\/comments?post=11545"}],"version-history":[{"count":0,"href":"https:\/\/uhrenbausatz.de\/en\/wp-json\/wp\/v2\/pages\/11545\/revisions"}],"wp:attachment":[{"href":"https:\/\/uhrenbausatz.de\/en\/wp-json\/wp\/v2\/media?parent=11545"}],"curies":[{"name":"wp","href":"https:\/\/api.w.org\/{rel}","templated":true}]}}